{"id":830,"date":"2020-11-04T10:25:12","date_gmt":"2020-11-04T09:25:12","guid":{"rendered":"http:\/\/mosaicmask-studio.com\/?page_id=830"},"modified":"2022-01-21T14:36:22","modified_gmt":"2022-01-21T13:36:22","slug":"startseite","status":"publish","type":"page","link":"https:\/\/mosaicmask-studio.com\/de_de\/","title":{"rendered":"Startseite"},"content":{"rendered":"<div id='av_section_1'  class='avia-section alternate_color avia-section-huge avia-no-border-styling  av-section-color-overlay-active avia-bg-style-scroll  avia-builder-el-0  avia-builder-el-no-sibling   container_wrap fullsize' style=' '  ><div class='av-section-color-overlay-wrap'><div class='av-section-color-overlay' style='opacity: 0.2; background-color: #000000; background-image: url(https:\/\/mosaicmask-studio.com\/wp-content\/themes\/enfold\/images\/background-images\/polygon.png); background-repeat: repeat;'><\/div><div class='container' ><main  role=\"main\" itemprop=\"mainContentOfPage\"  class='template-page content  av-content-full alpha units'><div class='post-entry post-entry-type-page post-entry-830'><div class='entry-content-wrapper clearfix'>\n<div  style='height:25px' class='hr hr-invisible   avia-builder-el-1  el_before_av_one_fifth  avia-builder-el-first '><span class='hr-inner ' ><span class='hr-inner-style'><\/span><\/span><\/div>\n<div class=\"flex_column av_one_fifth  flex_column_div first  avia-builder-el-2  el_after_av_hr  el_before_av_three_fifth  \" ><\/div><div class=\"flex_column av_three_fifth  flex_column_div av-zero-column-padding   avia-builder-el-3  el_after_av_one_fifth  el_before_av_one_fifth  \" style='border-radius:0px; '><p><div  style='padding-bottom:10px; ' class='av-special-heading av-special-heading-h2  blockquote modern-quote modern-centered  avia-builder-el-4  el_before_av_hr  avia-builder-el-first  '><h2 class='av-special-heading-tag '  itemprop=\"headline\"  >Willkommen bei Mosaic Mask Studio!<\/h2><div class='special-heading-border'><div class='special-heading-inner-border' ><\/div><\/div><\/div><br \/>\n<div   class='hr hr-short hr-center   avia-builder-el-5  el_after_av_heading  el_before_av_heading '><span class='hr-inner ' ><span class='hr-inner-style'><\/span><\/span><\/div><br \/>\n<div  style='padding-bottom:10px; font-size:25px;' class='av-special-heading av-special-heading-h5  blockquote modern-quote modern-centered  avia-builder-el-6  el_after_av_hr  avia-builder-el-last  av-inherit-size '><h5 class='av-special-heading-tag '  itemprop=\"headline\"  >Seit der Gr\u00fcndung im Jahr 2012 entwickelt unser Team in Hannover hochwertige Games f\u00fcr verschiedenste Plattformen. Abseits ausgetretener Pfade erschaffen wir dabei bislang unerspielte Welten, wie die unseres Point-&#038;-Click-Adventures <span class='special_amp'>\u201e<\/span>Heaven\u2019s Hope<span class='special_amp'>\u201c<\/span>, und erwecken mit <span class='special_amp'>\u201e<\/span>Shields of Loyalty<span class='special_amp'>\u201c<\/span> den Spielspa\u00df von Turn-Based-Strategy-Games zu neuem Leben.  <\/p>\n<p>Besucht uns also regelm\u00e4\u00dfig, um mehr \u00fcber unsere aktuellen und neuen Projekte zu erfahren\u2026<\/h5><div class='special-heading-border'><div class='special-heading-inner-border' ><\/div><\/div><\/div><\/p><\/div><div class=\"flex_column av_one_fifth  flex_column_div av-zero-column-padding   avia-builder-el-7  el_after_av_three_fifth  el_before_av_hr  \" style='border-radius:0px; '><\/div><div  style='height:50px' class='hr hr-invisible   avia-builder-el-8  el_after_av_one_fifth  el_before_av_hr '><span class='hr-inner ' ><span class='hr-inner-style'><\/span><\/span><\/div>\n<div  style='height:50px' class='hr hr-invisible   avia-builder-el-9  el_after_av_hr  el_before_av_heading '><span class='hr-inner ' ><span class='hr-inner-style'><\/span><\/span><\/div>\n<div  style='padding-bottom:10px; font-size:30px;' class='av-special-heading av-special-heading-h3  blockquote modern-quote modern-centered  avia-builder-el-10  el_after_av_hr  el_before_av_hr  av-inherit-size '><h3 class='av-special-heading-tag '  itemprop=\"headline\"  >Unsere Games<\/h3><div class='special-heading-border'><div class='special-heading-inner-border' ><\/div><\/div><\/div>\n<div   class='hr hr-short hr-center   avia-builder-el-11  el_after_av_heading  el_before_av_image '><span class='hr-inner ' ><span class='hr-inner-style'><\/span><\/span><\/div>\n<div  class='avia-image-container  av-styling- av-hover-grow   avia-builder-el-12  el_after_av_hr  el_before_av_image  avia-align-center '  itemprop=\"image\" itemscope=\"itemscope\" itemtype=\"https:\/\/schema.org\/ImageObject\"  ><div class='avia-image-container-inner'><div class='avia-image-overlay-wrap'><a href='https:\/\/mosaicmask-studio.com\/de_de\/shields-of-loyalty' class='avia_image'  ><img width=\"300\" height=\"172\" class='wp-image-839 avia-img-lazy-loading-not-839 avia_image' src=\"https:\/\/mosaicmask-studio.com\/wp-content\/uploads\/2020\/11\/shieldsofloyality_teaser-300x172.jpg\" alt='' title='shieldsofloyality_teaser'  itemprop=\"thumbnailUrl\" srcset=\"https:\/\/mosaicmask-studio.com\/wp-content\/uploads\/2020\/11\/shieldsofloyality_teaser-300x172.jpg 300w, https:\/\/mosaicmask-studio.com\/wp-content\/uploads\/2020\/11\/shieldsofloyality_teaser.jpg 616w\" sizes=\"(max-width: 300px) 100vw, 300px\" \/><\/a><\/div><\/div><\/div>\n<div  class='avia-image-container  av-styling- av-hover-grow   avia-builder-el-13  el_after_av_image  el_before_av_hr  avia-align-center '  itemprop=\"image\" itemscope=\"itemscope\" itemtype=\"https:\/\/schema.org\/ImageObject\"  ><div class='avia-image-container-inner'><div class='avia-image-overlay-wrap'><a href='https:\/\/mosaicmask-studio.com\/de_de\/heavens-hope' class='avia_image'  ><img width=\"300\" height=\"172\" class='wp-image-838 avia-img-lazy-loading-not-838 avia_image' src=\"https:\/\/mosaicmask-studio.com\/wp-content\/uploads\/2020\/11\/heavenshope_teaser-300x172.jpg\" alt='' title='heavenshope_teaser'  itemprop=\"thumbnailUrl\" srcset=\"https:\/\/mosaicmask-studio.com\/wp-content\/uploads\/2020\/11\/heavenshope_teaser-300x172.jpg 300w, https:\/\/mosaicmask-studio.com\/wp-content\/uploads\/2020\/11\/heavenshope_teaser.jpg 616w\" sizes=\"(max-width: 300px) 100vw, 300px\" \/><\/a><\/div><\/div><\/div>\n<div  style='height:100px' class='hr hr-invisible   avia-builder-el-14  el_after_av_image  el_before_av_one_fifth '><span class='hr-inner ' ><span class='hr-inner-style'><\/span><\/span><\/div>\n<div class=\"flex_column av_one_fifth  flex_column_div first  avia-builder-el-15  el_after_av_hr  el_before_av_three_fifth  \" ><\/div><div class=\"flex_column av_three_fifth  flex_column_div av-zero-column-padding   avia-builder-el-16  el_after_av_one_fifth  el_before_av_one_fifth  \" style='border-radius:0px; '><p><div  style='padding-bottom:10px; font-size:30px;' class='av-special-heading av-special-heading-h3  blockquote modern-quote modern-centered  avia-builder-el-17  el_before_av_hr  avia-builder-el-first  av-inherit-size '><h3 class='av-special-heading-tag '  itemprop=\"headline\"  >Newsletter<\/h3><div class='special-heading-border'><div class='special-heading-inner-border' ><\/div><\/div><\/div><br \/>\n<div   class='hr hr-short hr-center   avia-builder-el-18  el_after_av_heading  el_before_av_mailchimp '><span class='hr-inner ' ><span class='hr-inner-style'><\/span><\/span><\/div><br \/>\n<form action=\"https:\/\/mosaicmask-studio.com\/de_de\/\" method=\"post\"  data-av-custom-send='mailchimp_send' class=\"avia_ajax_form av-form-labels-visible   avia-builder-el-19  el_after_av_hr  avia-builder-el-last   avia-mailchimp-form \" data-avia-form-id=\"1\" data-avia-redirect='' ><fieldset><p class='  first_form  form_element form_element_half' id='element_avia_0_1'><label for=\"avia_0_1\">E-Mail Adresse <abbr class=\"required\" title=\"ben\u00f6tigt\">*<\/abbr><\/label> <input name=\"avia_0_1\" class=\"text_input is_email\" type=\"text\" id=\"avia_0_1\" value=\"\" \/><\/p><p class=\"form_element  form_element form_element_half av-last-visible-form-element modified_width\"><input type=\"hidden\" value=\"1\" name=\"avia_generated_form1\" \/><input type=\"submit\" value=\"Abonnieren\" class=\"button\"  data-sending-label=\"Sende\"\/><\/p><p class=\"hidden\"><input type=\"text\" name=\"avia_avia_username_1\" class=\"hidden \" id=\"avia_avia_username_1\" value=\"\" \/><\/p><\/fieldset><\/form><div id=\"ajaxresponse_1\" class=\"ajaxresponse ajaxresponse_1 hidden\"><\/div><\/p><\/div><div class=\"flex_column av_one_fifth  flex_column_div   avia-builder-el-20  el_after_av_three_fifth  avia-builder-el-last  \" ><\/div>\n","protected":false},"excerpt":{"rendered":"","protected":false},"author":2,"featured_media":0,"parent":0,"menu_order":0,"comment_status":"closed","ping_status":"closed","template":"","meta":[],"_links":{"self":[{"href":"https:\/\/mosaicmask-studio.com\/de_de\/wp-json\/wp\/v2\/pages\/830"}],"collection":[{"href":"https:\/\/mosaicmask-studio.com\/de_de\/wp-json\/wp\/v2\/pages"}],"about":[{"href":"https:\/\/mosaicmask-studio.com\/de_de\/wp-json\/wp\/v2\/types\/page"}],"author":[{"embeddable":true,"href":"https:\/\/mosaicmask-studio.com\/de_de\/wp-json\/wp\/v2\/users\/2"}],"replies":[{"embeddable":true,"href":"https:\/\/mosaicmask-studio.com\/de_de\/wp-json\/wp\/v2\/comments?post=830"}],"version-history":[{"count":117,"href":"https:\/\/mosaicmask-studio.com\/de_de\/wp-json\/wp\/v2\/pages\/830\/revisions"}],"predecessor-version":[{"id":1268,"href":"https:\/\/mosaicmask-studio.com\/de_de\/wp-json\/wp\/v2\/pages\/830\/revisions\/1268"}],"wp:attachment":[{"href":"https:\/\/mosaicmask-studio.com\/de_de\/wp-json\/wp\/v2\/media?parent=830"}],"curies":[{"name":"wp","href":"https:\/\/api.w.org\/{rel}","templated":true}]}}